{"id":633,"date":"2026-02-11T22:21:09","date_gmt":"2026-02-11T21:21:09","guid":{"rendered":"https:\/\/st-pauls.pl\/contact\/"},"modified":"2026-04-01T20:51:30","modified_gmt":"2026-04-01T18:51:30","slug":"contact","status":"publish","type":"page","link":"https:\/\/st-pauls.pl\/en\/contact\/","title":{"rendered":"Contact"},"content":{"rendered":"\n<div class=\"wp-block-cover alignfull has-custom-content-position is-position-bottom-center zoom-move\" style=\"padding-top:var(--wp--preset--spacing--0);padding-bottom:var(--wp--preset--spacing--fluid-xl);min-height:60vh;aspect-ratio:unset;\"><img loading=\"lazy\" decoding=\"async\" width=\"1920\" height=\"756\" sizes=\"auto, (max-width: 799px) 200vw, (max-width: 1920px) 100vw, 1920px\" class=\"wp-block-cover__image-background wp-image-559 size-full\" alt=\"\" src=\"https:\/\/st-pauls.pl\/wp-content\/uploads\/2026\/03\/st-pauls-about-us-contact.webp\" data-object-fit=\"cover\" srcset=\"https:\/\/st-pauls.pl\/wp-content\/uploads\/2026\/03\/st-pauls-about-us-contact.webp 1920w, https:\/\/st-pauls.pl\/wp-content\/uploads\/2026\/03\/st-pauls-about-us-contact-300x118.webp 300w, https:\/\/st-pauls.pl\/wp-content\/uploads\/2026\/03\/st-pauls-about-us-contact-1024x403.webp 1024w, https:\/\/st-pauls.pl\/wp-content\/uploads\/2026\/03\/st-pauls-about-us-contact-768x302.webp 768w, https:\/\/st-pauls.pl\/wp-content\/uploads\/2026\/03\/st-pauls-about-us-contact-1536x605.webp 1536w\" \/><span aria-hidden=\"true\" class=\"wp-block-cover__background has-background-dim\"><\/span><div class=\"wp-block-cover__inner-container has-global-padding is-layout-constrained wp-block-cover-is-layout-constrained\">\n<div class=\"wp-block-group alignwide is-style-cover has-custom-css is-layout-flow wp-container-core-group-is-layout-f4e0022d wp-block-group-is-layout-flow is-style-cover--1 wp-custom-css-4f71801b\"><p style=\"font-style:normal;font-weight:500;text-transform:uppercase;\" class=\"alignwide wp-block-post-title has-body-m-font-size\">Contact<\/p>\n\n\n<h1 class=\"wp-block-heading alignwide has-heading-l-font-size\" style=\"margin-top:var(--wp--preset--spacing--fluid-l)\">Contact us<\/h1>\n\n\n\n<p class=\"wp-block-paragraph\" style=\"margin-top:var(--wp--preset--spacing--static-s)\">Do you have questions? Call or write to us!<\/p>\n<\/div>\n<\/div><\/div>\n\n<div class=\"wp-block-columns alignwide is-layout-flex wp-container-core-columns-is-layout-7f473ed1 wp-block-columns-is-layout-flex\" style=\"margin-top:var(--wp--preset--spacing--fluid-2-xl);margin-bottom:var(--wp--preset--spacing--fluid-xl)\">\n<div class=\"wp-block-column is-layout-flow wp-block-column-is-layout-flow\" style=\"flex-basis:100%\">\n<h2 class=\"wp-block-heading\">Contact information<\/h2>\n\n\n\n<p class=\"wp-block-paragraph\">We try to answer all questions sent by email or through the contact form as quickly as possible.<\/p>\n\n\n\n<div class=\"wp-block-group is-layout-grid wp-container-core-group-is-layout-725d2d16 wp-block-group-is-layout-grid\" style=\"margin-top:var(--wp--preset--spacing--fluid-l)\">\n<div class=\"wp-block-group is-layout-flow wp-container-core-group-is-layout-4f9ce0a2 wp-block-group-is-layout-flow\">\n<h3 class=\"wp-block-heading has-body-xl-font-size\">Call us<\/h3>\n\n\n\n<p class=\"underline-animated wp-block-paragraph\">Office: <a href=\"tel:48422908000\">+48 42 290 80 00<\/a><br\/>Fax: <a href=\"tel:48422908001\">+48 42 290 80 01<\/a><\/p>\n<\/div>\n\n\n\n<div class=\"wp-block-group is-layout-flow wp-container-core-group-is-layout-4f9ce0a2 wp-block-group-is-layout-flow\">\n<h3 class=\"wp-block-heading has-body-xl-font-size\">Write to us<\/h3>\n\n\n\n<p class=\"underline-animated wp-block-paragraph\">Office: <a href=\"mailto:biuro@st-pauls.com.pl\">biuro@st-pauls.com.pl<\/a><br\/>PR: <a href=\"mailto:pr@st-pauls.com.pl\">pr@st-pauls.com.pl<\/a><\/p>\n<\/div>\n\n\n\n<div class=\"wp-block-group is-layout-flow wp-container-core-group-is-layout-4f9ce0a2 wp-block-group-is-layout-flow\">\n<h3 class=\"wp-block-heading has-body-xl-font-size\">Visit us<\/h3>\n\n\n\n<p class=\"wp-block-paragraph\">Street. Fabryczna 17<br\/>90-344 \u0141\u00f3d\u017a<\/p>\n<\/div>\n\n\n\n<div class=\"wp-block-group is-layout-flow wp-container-core-group-is-layout-4f9ce0a2 wp-block-group-is-layout-flow\">\n<h3 class=\"wp-block-heading has-body-xl-font-size\">Follow us<\/h3>\n\n\n\n<ul class=\"wp-block-social-links has-normal-icon-size is-color-neutral-900 is-style-logos-only is-layout-flex wp-container-core-social-links-is-layout-791bb0e4 wp-block-social-links-is-layout-flex\"><li class=\"wp-social-link wp-social-link-facebook  wp-block-social-link\"><a href=\"https:\/\/www.facebook.com\/textorialpark\" class=\"wp-block-social-link-anchor\" target=\"_blank\" rel=\"noopener\"><svg width=\"24\" height=\"24\" viewBox=\"0 0 24 24\" version=\"1.1\" xmlns=\"http:\/\/www.w3.org\/2000\/svg\" aria-hidden=\"true\" focusable=\"false\"><path d=\"M12 2C6.5 2 2 6.5 2 12c0 5 3.7 9.1 8.4 9.9v-7H7.9V12h2.5V9.8c0-2.5 1.5-3.9 3.8-3.9 1.1 0 2.2.2 2.2.2v2.5h-1.3c-1.2 0-1.6.8-1.6 1.6V12h2.8l-.4 2.9h-2.3v7C18.3 21.1 22 17 22 12c0-5.5-4.5-10-10-10z\"><\/path><\/svg><span class=\"wp-block-social-link-label screen-reader-text\">Facebook<\/span><\/a><\/li>\n\n<li class=\"wp-social-link wp-social-link-instagram  wp-block-social-link\"><a href=\"https:\/\/www.instagram.com\/textorial_park\/\" class=\"wp-block-social-link-anchor\" target=\"_blank\" rel=\"noopener\"><svg width=\"24\" height=\"24\" viewBox=\"0 0 24 24\" version=\"1.1\" xmlns=\"http:\/\/www.w3.org\/2000\/svg\" aria-hidden=\"true\" focusable=\"false\"><path d=\"M12,4.622c2.403,0,2.688,0.009,3.637,0.052c0.877,0.04,1.354,0.187,1.671,0.31c0.42,0.163,0.72,0.358,1.035,0.673 c0.315,0.315,0.51,0.615,0.673,1.035c0.123,0.317,0.27,0.794,0.31,1.671c0.043,0.949,0.052,1.234,0.052,3.637 s-0.009,2.688-0.052,3.637c-0.04,0.877-0.187,1.354-0.31,1.671c-0.163,0.42-0.358,0.72-0.673,1.035 c-0.315,0.315-0.615,0.51-1.035,0.673c-0.317,0.123-0.794,0.27-1.671,0.31c-0.949,0.043-1.233,0.052-3.637,0.052 s-2.688-0.009-3.637-0.052c-0.877-0.04-1.354-0.187-1.671-0.31c-0.42-0.163-0.72-0.358-1.035-0.673 c-0.315-0.315-0.51-0.615-0.673-1.035c-0.123-0.317-0.27-0.794-0.31-1.671C4.631,14.688,4.622,14.403,4.622,12 s0.009-2.688,0.052-3.637c0.04-0.877,0.187-1.354,0.31-1.671c0.163-0.42,0.358-0.72,0.673-1.035 c0.315-0.315,0.615-0.51,1.035-0.673c0.317-0.123,0.794-0.27,1.671-0.31C9.312,4.631,9.597,4.622,12,4.622 M12,3 C9.556,3,9.249,3.01,8.289,3.054C7.331,3.098,6.677,3.25,6.105,3.472C5.513,3.702,5.011,4.01,4.511,4.511 c-0.5,0.5-0.808,1.002-1.038,1.594C3.25,6.677,3.098,7.331,3.054,8.289C3.01,9.249,3,9.556,3,12c0,2.444,0.01,2.751,0.054,3.711 c0.044,0.958,0.196,1.612,0.418,2.185c0.23,0.592,0.538,1.094,1.038,1.594c0.5,0.5,1.002,0.808,1.594,1.038 c0.572,0.222,1.227,0.375,2.185,0.418C9.249,20.99,9.556,21,12,21s2.751-0.01,3.711-0.054c0.958-0.044,1.612-0.196,2.185-0.418 c0.592-0.23,1.094-0.538,1.594-1.038c0.5-0.5,0.808-1.002,1.038-1.594c0.222-0.572,0.375-1.227,0.418-2.185 C20.99,14.751,21,14.444,21,12s-0.01-2.751-0.054-3.711c-0.044-0.958-0.196-1.612-0.418-2.185c-0.23-0.592-0.538-1.094-1.038-1.594 c-0.5-0.5-1.002-0.808-1.594-1.038c-0.572-0.222-1.227-0.375-2.185-0.418C14.751,3.01,14.444,3,12,3L12,3z M12,7.378 c-2.552,0-4.622,2.069-4.622,4.622S9.448,16.622,12,16.622s4.622-2.069,4.622-4.622S14.552,7.378,12,7.378z M12,15 c-1.657,0-3-1.343-3-3s1.343-3,3-3s3,1.343,3,3S13.657,15,12,15z M16.804,6.116c-0.596,0-1.08,0.484-1.08,1.08 s0.484,1.08,1.08,1.08c0.596,0,1.08-0.484,1.08-1.08S17.401,6.116,16.804,6.116z\"><\/path><\/svg><span class=\"wp-block-social-link-label screen-reader-text\">Instagram<\/span><\/a><\/li>\n\n<li class=\"wp-social-link wp-social-link-linkedin  wp-block-social-link\"><a href=\"https:\/\/www.linkedin.com\/company\/st-pauls-developments-polska\/\" class=\"wp-block-social-link-anchor\" target=\"_blank\" rel=\"noopener\"><svg width=\"24\" height=\"24\" viewBox=\"0 0 24 24\" version=\"1.1\" xmlns=\"http:\/\/www.w3.org\/2000\/svg\" aria-hidden=\"true\" focusable=\"false\"><path d=\"M19.7,3H4.3C3.582,3,3,3.582,3,4.3v15.4C3,20.418,3.582,21,4.3,21h15.4c0.718,0,1.3-0.582,1.3-1.3V4.3 C21,3.582,20.418,3,19.7,3z M8.339,18.338H5.667v-8.59h2.672V18.338z M7.004,8.574c-0.857,0-1.549-0.694-1.549-1.548 c0-0.855,0.691-1.548,1.549-1.548c0.854,0,1.547,0.694,1.547,1.548C8.551,7.881,7.858,8.574,7.004,8.574z M18.339,18.338h-2.669 v-4.177c0-0.996-0.017-2.278-1.387-2.278c-1.389,0-1.601,1.086-1.601,2.206v4.249h-2.667v-8.59h2.559v1.174h0.037 c0.356-0.675,1.227-1.387,2.526-1.387c2.703,0,3.203,1.779,3.203,4.092V18.338z\"><\/path><\/svg><span class=\"wp-block-social-link-label screen-reader-text\">LinkedIn<\/span><\/a><\/li>\n\n<li class=\"wp-social-link wp-social-link-youtube  wp-block-social-link\"><a href=\"https:\/\/www.youtube.com\/channel\/UC3bB0l5nBBpAjJEDPZ-ha1Q\" class=\"wp-block-social-link-anchor\" target=\"_blank\" rel=\"noopener\"><svg width=\"24\" height=\"24\" viewBox=\"0 0 24 24\" version=\"1.1\" xmlns=\"http:\/\/www.w3.org\/2000\/svg\" aria-hidden=\"true\" focusable=\"false\"><path d=\"M21.8,8.001c0,0-0.195-1.378-0.795-1.985c-0.76-0.797-1.613-0.801-2.004-0.847c-2.799-0.202-6.997-0.202-6.997-0.202 h-0.009c0,0-4.198,0-6.997,0.202C4.608,5.216,3.756,5.22,2.995,6.016C2.395,6.623,2.2,8.001,2.2,8.001S2,9.62,2,11.238v1.517 c0,1.618,0.2,3.237,0.2,3.237s0.195,1.378,0.795,1.985c0.761,0.797,1.76,0.771,2.205,0.855c1.6,0.153,6.8,0.201,6.8,0.201 s4.203-0.006,7.001-0.209c0.391-0.047,1.243-0.051,2.004-0.847c0.6-0.607,0.795-1.985,0.795-1.985s0.2-1.618,0.2-3.237v-1.517 C22,9.62,21.8,8.001,21.8,8.001z M9.935,14.594l-0.001-5.62l5.404,2.82L9.935,14.594z\"><\/path><\/svg><span class=\"wp-block-social-link-label screen-reader-text\">YouTube<\/span><\/a><\/li><\/ul>\n<\/div>\n\n\n\n<div class=\"wp-block-group is-layout-flow wp-container-core-group-is-layout-4f9ce0a2 wp-block-group-is-layout-flow\">\n<h3 class=\"wp-block-heading has-body-xl-font-size\">Opening hours<\/h3>\n\n\n\n<p class=\"wp-block-paragraph\">Monday &#8211; Friday: 8:00 a.m. &#8211; 4:00 p.m.<\/p>\n<\/div>\n<\/div>\n<\/div>\n\n\n\n<div class=\"wp-block-column is-layout-flow wp-block-column-is-layout-flow\" style=\"flex-basis:100%\">\n<div class=\"wp-block-group is-style-tertiary is-layout-flow wp-block-group-is-layout-flow is-style-tertiary--2\" style=\"padding-top:var(--wp--preset--spacing--fluid-l);padding-right:var(--wp--preset--spacing--fluid-l);padding-bottom:var(--wp--preset--spacing--fluid-l);padding-left:var(--wp--preset--spacing--fluid-l)\">\n<h2 class=\"wp-block-heading has-heading-s-font-size\">Send a message<\/h2>\n\n\n\n<div class=\"wp-block-contact-form-7-contact-form-selector\">\n<div class=\"wpcf7 no-js\" id=\"wpcf7-f681-o1\" lang=\"en-US\" dir=\"ltr\" data-wpcf7-id=\"681\">\n<div class=\"screen-reader-response\"><p role=\"status\" aria-live=\"polite\" aria-atomic=\"true\"><\/p> <ul><\/ul><\/div>\n<form action=\"\/en\/wp-json\/wp\/v2\/pages\/633#wpcf7-f681-o1\" method=\"post\" class=\"wpcf7-form init\" aria-label=\"Contact form\" novalidate=\"novalidate\" data-status=\"init\">\n<fieldset class=\"hidden-fields-container\"><input type=\"hidden\" name=\"_wpcf7\" value=\"681\" \/><input type=\"hidden\" name=\"_wpcf7_version\" value=\"6.1.5\" \/><input type=\"hidden\" name=\"_wpcf7_locale\" value=\"en_US\" \/><input type=\"hidden\" name=\"_wpcf7_unit_tag\" value=\"wpcf7-f681-o1\" \/><input type=\"hidden\" name=\"_wpcf7_container_post\" value=\"0\" \/><input type=\"hidden\" name=\"_wpcf7_posted_data_hash\" value=\"\" \/>\n<\/fieldset>\n<div class=\"form-field\">\n<label>Your name<\/label>\n<span class=\"wpcf7-form-control-wrap\" data-name=\"your-name\"><input size=\"40\" maxlength=\"400\" class=\"wpcf7-form-control wpcf7-text wpcf7-validates-as-required\" autocomplete=\"name\" aria-required=\"true\" aria-invalid=\"false\" value=\"\" type=\"text\" name=\"your-name\" \/><\/span> \n<\/div>\n\n<div class=\"form-field\">\n<label>Your e-mail address<\/label>\n    <span class=\"wpcf7-form-control-wrap\" data-name=\"your-email\"><input size=\"40\" maxlength=\"400\" class=\"wpcf7-form-control wpcf7-email wpcf7-validates-as-required wpcf7-text wpcf7-validates-as-email\" autocomplete=\"email\" aria-required=\"true\" aria-invalid=\"false\" value=\"\" type=\"email\" name=\"your-email\" \/><\/span>\n<\/div>\n\n<div class=\"form-field\">\n<label>Subject<\/label>\n    <span class=\"wpcf7-form-control-wrap\" data-name=\"your-subject\"><input size=\"40\" maxlength=\"400\" class=\"wpcf7-form-control wpcf7-text wpcf7-validates-as-required\" aria-required=\"true\" aria-invalid=\"false\" value=\"\" type=\"text\" name=\"your-subject\" \/><\/span>\n<\/div>\n\n<div class=\"form-field\">\n<label>Your message<\/label>\n    <span class=\"wpcf7-form-control-wrap\" data-name=\"your-message\"><textarea cols=\"40\" rows=\"4\" maxlength=\"2000\" class=\"wpcf7-form-control wpcf7-textarea wpcf7-validates-as-required\" aria-required=\"true\" aria-invalid=\"false\" name=\"your-message\"><\/textarea><\/span>\n<\/div>\n\n<div class=\"form-field\">\n<span class=\"wpcf7-form-control-wrap\" data-name=\"gdpr\"><span class=\"wpcf7-form-control wpcf7-acceptance\"><span class=\"wpcf7-list-item\"><label><input type=\"checkbox\" name=\"gdpr\" value=\"1\" aria-invalid=\"false\" \/><span class=\"wpcf7-list-item-label\">I consent to the processing by St. Paul's Developments Polska Sp. z o.o. with its registered office in Lodz of my personal data in the form of my name, surname, electronic correspondence address and telephone number for the purpose of processing my inquiry from the contact form and providing me with commercial and marketing information regarding products and services offered by St. Paul's Developments Polska Sp. z o.o. with its registered office in Lodz, 17 Fabryczna Street. At the same time, I confirm that <a href=\"https:\/\/st-pauls.pl\/en\/privacy-policy\" target=\"_blank\">I have been informed of my rights<\/a>, including the right to access and correct my personal data and the voluntariness of granting the above consents, as well as the possibility of revoking them at any time. I acknowledge that revocation of consent does not affect the legality of data processing prior to revocation.<\/span><\/label><\/span><\/span><\/span>\n<\/div>\n\n<input class=\"wpcf7-form-control wpcf7-submit has-spinner\" type=\"submit\" value=\"Send\" \/><div class=\"wpcf7-response-output\" aria-hidden=\"true\"><\/div>\n<\/form>\n<\/div>\n<\/div>\n<\/div>\n<\/div>\n<\/div>\n\n<div class=\"wp-block-group alignfull is-layout-flow wp-block-group-is-layout-flow\" style=\"margin-top:0;margin-bottom:0;line-height:0\">\n<iframe class=\"map\" src=\"https:\/\/www.google.com\/maps\/embed?pb=!1m14!1m8!1m3!1d4939.448032908749!2d19.479344!3d51.75637!3m2!1i1024!2i768!4f13.1!3m3!1m2!1s0x471a34cbc8437fa1%3A0x562f4ccbbc07bc84!2sTextorial%20Park!5e0!3m2!1spl!2spl!4v1770932403920!5m2!1spl!2spl\" width=\"600\" height=\"450\" style=\"border:0;\" allowfullscreen=\"\" loading=\"lazy\" referrerpolicy=\"no-referrer-when-downgrade\"><\/iframe>\n<\/div>\n","protected":false},"excerpt":{"rendered":"<p>Contact information We try to answer all questions sent by email or through the contact form as quickly as possible. Call us Office: +48 42 290 80 00Fax: +48 42 290 80 01 Write to us Office: biuro@st-pauls.com.plPR: pr@st-pauls.com.pl Visit us Street. Fabryczna 1790-344 \u0141\u00f3d\u017a Follow us Opening hours Monday &#8211; Friday: 8:00 a.m. &#8211; [&hellip;]<\/p>\n","protected":false},"author":2,"featured_media":0,"parent":0,"menu_order":0,"comment_status":"closed","ping_status":"closed","template":"no-title","meta":{"_acf_changed":false,"_crdt_document":"","footnotes":""},"class_list":["post-633","page","type-page","status-publish","hentry"],"acf":[],"_links":{"self":[{"href":"https:\/\/st-pauls.pl\/en\/wp-json\/wp\/v2\/pages\/633","targetHints":{"allow":["GET"]}}],"collection":[{"href":"https:\/\/st-pauls.pl\/en\/wp-json\/wp\/v2\/pages"}],"about":[{"href":"https:\/\/st-pauls.pl\/en\/wp-json\/wp\/v2\/types\/page"}],"author":[{"embeddable":true,"href":"https:\/\/st-pauls.pl\/en\/wp-json\/wp\/v2\/users\/2"}],"replies":[{"embeddable":true,"href":"https:\/\/st-pauls.pl\/en\/wp-json\/wp\/v2\/comments?post=633"}],"version-history":[{"count":1,"href":"https:\/\/st-pauls.pl\/en\/wp-json\/wp\/v2\/pages\/633\/revisions"}],"predecessor-version":[{"id":634,"href":"https:\/\/st-pauls.pl\/en\/wp-json\/wp\/v2\/pages\/633\/revisions\/634"}],"wp:attachment":[{"href":"https:\/\/st-pauls.pl\/en\/wp-json\/wp\/v2\/media?parent=633"}],"curies":[{"name":"wp","href":"https:\/\/api.w.org\/{rel}","templated":true}]}}